{"id":7249,"date":"2026-02-03T11:27:08","date_gmt":"2026-02-03T16:27:08","guid":{"rendered":"https:\/\/evve.emc-mec.ca\/hebergement-2\/"},"modified":"2026-04-15T15:13:48","modified_gmt":"2026-04-15T19:13:48","slug":"hebergement-2","status":"publish","type":"page","link":"https:\/\/evve.emc-mec.ca\/fr\/hebergement-2\/","title":{"rendered":"H\u00e9bergement"},"content":{"rendered":"\n<div style=\"height:55px\" aria-hidden=\"true\" class=\"wp-block-spacer\"><\/div>\n\n<h4 class=\"wp-block-heading\" style=\"margin-right:var(--wp--preset--spacing--superbspacing-small);margin-left:var(--wp--preset--spacing--superbspacing-small)\">Tous les \u00e9v\u00e9nements du programme EVVE 2026 se d\u00e9rouleront \u00e0 l&rsquo;h\u00f4tel Fort Garry, dans le centre-ville de Winnipeg. MEC a r\u00e9serv\u00e9 un contingent de chambres pour les participants \u00e0 la conf\u00e9rence \u00e0 l&rsquo;h\u00f4tel Fort Garry, ainsi que d&rsquo;autres options pratiques dans les environs.<\/h4>\n\n<h4 class=\"wp-block-heading\" style=\"margin-right:var(--wp--preset--spacing--superbspacing-small);margin-left:var(--wp--preset--spacing--superbspacing-small)\">Pour plus de d\u00e9tails, voir ci-dessous :<\/h4>\n\n<div class=\"wp-block-group alignfull is-layout-flow wp-block-group-is-layout-flow\">\n<div class=\"wp-block-group alignfull has-custom-color-2-color has-custom-color-5-background-color has-text-color has-background has-link-color wp-elements-50dea4b847637b4e3a1d1e622c454eb3 has-global-padding is-layout-constrained wp-container-core-group-is-layout-cd9b1ad7 wp-block-group-is-layout-constrained\" style=\"padding-top:var(--wp--preset--spacing--superbspacing-small);padding-right:var(--wp--preset--spacing--superbspacing-medium);padding-bottom:var(--wp--preset--spacing--superbspacing-small);padding-left:var(--wp--preset--spacing--superbspacing-medium)\">\n<div class=\"wp-block-columns alignwide is-layout-flex wp-container-core-columns-is-layout-83cf590f wp-block-columns-is-layout-flex\">\n<div class=\"wp-block-column is-vertically-aligned-center is-layout-flow wp-container-core-column-is-layout-30be4402 wp-block-column-is-layout-flow\">\n<div class=\"wp-block-group has-global-padding is-layout-constrained wp-container-core-group-is-layout-d598ad9d wp-block-group-is-layout-constrained\">\n<p class=\"has-text-align-left has-superbfont-large-font-size\">Nous avons r\u00e9serv\u00e9 un nombre limit\u00e9 de chambres d\u2019h\u00f4tel \u00e0 un tarif pr\u00e9f\u00e9rentiel (229 $) pour les participant\u00b7e\u00b7s d\u2019EVVE 2026.<\/p>\n\n\n\n<p class=\"has-text-align-left has-secondary-color has-text-color has-superbfont-small-font-size\">S\u00e9journer au Fort Garry Hotel, l\u2019h\u00f4tel officiel de la conf\u00e9rence, offre un acc\u00e8s pratique aux activit\u00e9s de la conf\u00e9rence et vous permet de profiter pleinement de votre exp\u00e9rience sur place.<\/p>\n\n\n\n<p class=\"has-superbfont-small-font-size\">Les chambres sont offertes selon le principe du premier arriv\u00e9, premier servi, \u00e0 un tarif r\u00e9duit exclusif aux participant\u00b7e\u00b7s de la conf\u00e9rence. R\u00e9server dans le bloc de chambres de la conf\u00e9rence aide \u00e9galement Mobilit\u00e9 \u00e9lectrique Canada \u00e0 atteindre son engagement h\u00f4telier, contribuant ainsi au bon d\u00e9roulement d\u2019EVVE 2026.<\/p>\n\n\n\n<p class=\"has-superbfont-medium-font-size\"><strong>Date limite pour r\u00e9server : 24 septembre 2026 <\/strong>ou jusqu&rsquo;\u00e0 ce que le contingent de chambres soit complet.<\/p>\n\n\n\n<div class=\"wp-block-buttons is-layout-flex wp-block-buttons-is-layout-flex\" style=\"padding-top:var(--wp--preset--spacing--superbspacing-xsmall);padding-bottom:var(--wp--preset--spacing--superbspacing-xsmall)\">\n<div class=\"wp-block-button\"><a class=\"wp-block-button__link wp-element-button\" href=\"https:\/\/www.choicehotels.com\/reservations\/groups\/HF53P9\">R\u00e9servez votre chambre<\/a><\/div>\n<\/div>\n<\/div>\n<\/div>\n\n\n\n<div class=\"wp-block-column is-vertically-aligned-center is-layout-flow wp-container-core-column-is-layout-40a2a7e8 wp-block-column-is-layout-flow\" style=\"padding-right:0;padding-bottom:0;padding-left:0\">\n<figure class=\"wp-block-image size-full has-custom-border wp-duotone-unset-1\"><img loading=\"lazy\" decoding=\"async\" width=\"940\" height=\"700\" src=\"https:\/\/evve.emc-mec.ca\/wp-content\/uploads\/2026\/04\/Offer-Park.webp\" alt=\"\" class=\"wp-image-7562\" style=\"border-radius:16px\" srcset=\"https:\/\/evve.emc-mec.ca\/wp-content\/uploads\/2026\/04\/Offer-Park.webp 940w, https:\/\/evve.emc-mec.ca\/wp-content\/uploads\/2026\/04\/Offer-Park-300x223.webp 300w, https:\/\/evve.emc-mec.ca\/wp-content\/uploads\/2026\/04\/Offer-Park-768x572.webp 768w\" sizes=\"auto, (max-width: 940px) 100vw, 940px\" \/><\/figure>\n<\/div>\n<\/div>\n<\/div>\n\n\n\n<div class=\"wp-block-group alignfull has-custom-color-2-color has-custom-color-background-color has-text-color has-background has-link-color wp-elements-4829c13e0d7bd33a659cff8d6ad2ed57 has-global-padding is-layout-constrained wp-container-core-group-is-layout-cd9b1ad7 wp-block-group-is-layout-constrained\" style=\"padding-top:var(--wp--preset--spacing--superbspacing-small);padding-right:var(--wp--preset--spacing--superbspacing-medium);padding-bottom:var(--wp--preset--spacing--superbspacing-small);padding-left:var(--wp--preset--spacing--superbspacing-medium)\">\n<div class=\"wp-block-columns alignwide is-layout-flex wp-container-core-columns-is-layout-83cf590f wp-block-columns-is-layout-flex\">\n<div class=\"wp-block-column is-vertically-aligned-center is-layout-flow wp-container-core-column-is-layout-30be4402 wp-block-column-is-layout-flow\">\n<div class=\"wp-block-group has-global-padding is-layout-constrained wp-container-core-group-is-layout-d598ad9d wp-block-group-is-layout-constrained\">\n<p class=\"has-text-align-left has-superbfont-large-font-size\">Un autre contingent de chambres a \u00e9galement \u00e9t\u00e9 r\u00e9serv\u00e9 \u00e0 l&rsquo;h\u00f4tel Hampton Inn by Hilton Winnipeg Downtown.<\/p>\n\n\n\n<p class=\"has-text-align-left has-secondary-color has-text-color has-superbfont-small-font-size\">Situ\u00e9 \u00e0 seulement cinq minutes \u00e0 pied de l&rsquo;h\u00f4tel Fort Garry, le Hampton Inn propose des chambres r\u00e9cemment r\u00e9nov\u00e9es et de nombreux \u00e9quipements, notamment un simulateur de golf et un centre de fitness.<\/p>\n\n\n\n<p class=\"has-superbfont-small-font-size\">Les chambres sont offertes selon le principe du premier arriv\u00e9, premier servi, \u00e0 un tarif r\u00e9duit exclusif aux participant\u00b7e\u00b7s de la conf\u00e9rence. R\u00e9server dans le bloc de chambres de la conf\u00e9rence aide \u00e9galement Mobilit\u00e9 \u00e9lectrique Canada \u00e0 atteindre son engagement h\u00f4telier, contribuant ainsi au bon d\u00e9roulement d\u2019EVVE 2026.<\/p>\n\n\n\n<p class=\"has-superbfont-medium-font-size\"><strong>Date limite de r\u00e9servation : le 19 septembre 2026<\/strong> ou jusqu&rsquo;\u00e0 ce que le contingent de chambres soit complet.<\/p>\n\n\n\n<div class=\"wp-block-buttons is-layout-flex wp-block-buttons-is-layout-flex\" style=\"padding-top:var(--wp--preset--spacing--superbspacing-xsmall);padding-bottom:var(--wp--preset--spacing--superbspacing-xsmall)\">\n<div class=\"wp-block-button\"><a class=\"wp-block-button__link wp-element-button\" href=\"https:\/\/www.hilton.com\/en\/book\/reservation\/rooms\/?ctyhocn=YWGWGHX&amp;arrivalDate=2026-10-20&amp;departureDate=2026-10-22&amp;groupCode=CHH90X&amp;room1NumAdults=1&amp;cid=OM%2CWW%2CHILTONLINK%2CEN%2CDirectLink\">R\u00e9servez votre chambre<\/a><\/div>\n<\/div>\n<\/div>\n<\/div>\n\n\n\n<div class=\"wp-block-column is-vertically-aligned-center is-layout-flow wp-container-core-column-is-layout-40a2a7e8 wp-block-column-is-layout-flow\" style=\"padding-right:0;padding-bottom:0;padding-left:0\">\n<figure class=\"wp-block-image size-full has-custom-border wp-duotone-unset-2\"><img loading=\"lazy\" decoding=\"async\" width=\"768\" height=\"430\" src=\"https:\/\/evve.emc-mec.ca\/wp-content\/uploads\/2026\/04\/ywgwghx-hampton-winnipeg-dt-exterior-day-024.avif\" alt=\"\" class=\"wp-image-7594\" style=\"border-radius:16px\" srcset=\"https:\/\/evve.emc-mec.ca\/wp-content\/uploads\/2026\/04\/ywgwghx-hampton-winnipeg-dt-exterior-day-024.avif 768w, https:\/\/evve.emc-mec.ca\/wp-content\/uploads\/2026\/04\/ywgwghx-hampton-winnipeg-dt-exterior-day-024-300x168.avif 300w\" sizes=\"auto, (max-width: 768px) 100vw, 768px\" \/><\/figure>\n<\/div>\n<\/div>\n<\/div>\n\n\n\n<div class=\"wp-block-group alignfull has-custom-color-2-color has-custom-color-7-background-color has-text-color has-background has-link-color wp-elements-c6809fc9b4f499180af5390c59ddbecf has-global-padding is-layout-constrained wp-container-core-group-is-layout-cd9b1ad7 wp-block-group-is-layout-constrained\" style=\"padding-top:var(--wp--preset--spacing--superbspacing-small);padding-right:var(--wp--preset--spacing--superbspacing-medium);padding-bottom:var(--wp--preset--spacing--superbspacing-small);padding-left:var(--wp--preset--spacing--superbspacing-medium)\">\n<div class=\"wp-block-columns alignwide is-layout-flex wp-container-core-columns-is-layout-83cf590f wp-block-columns-is-layout-flex\">\n<div class=\"wp-block-column is-vertically-aligned-center is-layout-flow wp-container-core-column-is-layout-30be4402 wp-block-column-is-layout-flow\">\n<div class=\"wp-block-group has-global-padding is-layout-constrained wp-container-core-group-is-layout-d598ad9d wp-block-group-is-layout-constrained\">\n<p class=\"has-text-align-left has-superbfont-large-font-size\">Un nombre suppl\u00e9mentaire de chambres est \u00e9galement disponible au Radisson Winnipeg Downtown, situ\u00e9 \u00e0 quelques pas de EVVE 2026.<\/p>\n\n\n\n<p class=\"has-text-align-left has-secondary-color has-text-color has-superbfont-small-font-size\">Un s\u00e9jour au Radisson Winnipeg Downtown offre aux participants de profiter un peu de r\u00e9pit entre deux journ\u00e9es de conf\u00e9rence bien remplies. Situ\u00e9 \u00e0 seulement 10 minutes \u00e0 pied de l&rsquo;h\u00f4tel Fort Garry, en plein c\u0153ur de Winnipeg, le Radisson propose des chambres r\u00e9cemment r\u00e9nov\u00e9es, des \u00e9quipements modernes et des chambres acceptant les animaux de compagnie.<\/p>\n\n\n\n<p class=\"has-superbfont-small-font-size\">Les chambres sont offertes selon le principe du premier arriv\u00e9, premier servi, \u00e0 un tarif r\u00e9duit exclusif aux participant\u00b7e\u00b7s de la conf\u00e9rence. Les clients peuvent r\u00e9server leur chambre en ligne via le lien ci-dessous, ou en appelant directement l&rsquo;h\u00f4tel au +1 (204) 956-0410 et en indiquant soit le nom du groupe (Electric Mobility Canada), soit le code d&rsquo;identification du groupe (736577).<\/p>\n\n\n\n<p class=\"has-superbfont-medium-font-size\"><strong>Date limite pour r\u00e9server : 20 septembre 2026 <\/strong>ou jusqu&rsquo;\u00e0 ce que le contingent de chambres soit complet.<\/p>\n\n\n\n<div class=\"wp-block-buttons is-layout-flex wp-block-buttons-is-layout-flex\" style=\"padding-top:var(--wp--preset--spacing--superbspacing-xsmall);padding-bottom:var(--wp--preset--spacing--superbspacing-xsmall)\">\n<div class=\"wp-block-button\"><a class=\"wp-block-button__link wp-element-button\" href=\"https:\/\/www.choicehotels.com\/en-ca\/reservations\/groups\/uo59d6\">R\u00e9servez votre chambre<\/a><\/div>\n<\/div>\n<\/div>\n<\/div>\n\n\n\n<div class=\"wp-block-column is-vertically-aligned-center is-layout-flow wp-container-core-column-is-layout-40a2a7e8 wp-block-column-is-layout-flow\" style=\"padding-right:0;padding-bottom:0;padding-left:0\">\n<figure class=\"wp-block-image size-full has-custom-border wp-duotone-unset-3\"><img loading=\"lazy\" decoding=\"async\" width=\"900\" height=\"500\" src=\"https:\/\/evve.emc-mec.ca\/wp-content\/uploads\/2026\/04\/hotel-exterior.jpg\" alt=\"\" class=\"wp-image-7560\" style=\"border-radius:16px\" srcset=\"https:\/\/evve.emc-mec.ca\/wp-content\/uploads\/2026\/04\/hotel-exterior.jpg 900w, https:\/\/evve.emc-mec.ca\/wp-content\/uploads\/2026\/04\/hotel-exterior-300x167.jpg 300w, https:\/\/evve.emc-mec.ca\/wp-content\/uploads\/2026\/04\/hotel-exterior-768x427.jpg 768w\" sizes=\"auto, (max-width: 900px) 100vw, 900px\" \/><\/figure>\n<\/div>\n<\/div>\n<\/div>\n<\/div>\n\n<p><\/p>\n","protected":false},"excerpt":{"rendered":"<p>Tous les \u00e9v\u00e9nements du programme EVVE 2026 se d\u00e9rouleront \u00e0 l&rsquo;h\u00f4tel Fort Garry, dans le centre-ville de Winnipeg. MEC a r\u00e9serv\u00e9 un contingent de chambres pour les participants \u00e0 la conf\u00e9rence \u00e0 l&rsquo;h\u00f4tel Fort Garry, ainsi que d&rsquo;autres options pratiques dans les environs. Pour plus de d\u00e9tails, voir ci-dessous : Nous avons r\u00e9serv\u00e9 un nombre [&hellip;]<\/p>\n","protected":false},"author":3,"featured_media":0,"parent":0,"menu_order":0,"comment_status":"closed","ping_status":"closed","template":"page-full-width","meta":{"_monsterinsights_skip_tracking":false,"_monsterinsights_sitenote_active":false,"_monsterinsights_sitenote_note":"","_monsterinsights_sitenote_category":0,"footnotes":""},"class_list":["post-7249","page","type-page","status-publish","hentry"],"acf":[],"yoast_head":"<!-- This site is optimized with the Yoast SEO plugin v27.4 - https:\/\/yoast.com\/product\/yoast-seo-wordpress\/ -->\n<title>H\u00e9bergement - EVVE 2026<\/title>\n<meta name=\"robots\" content=\"index, follow, max-snippet:-1, max-image-preview:large, max-video-preview:-1\" \/>\n<link rel=\"canonical\" href=\"https:\/\/evve.emc-mec.ca\/fr\/hebergement-2\/\" \/>\n<meta property=\"og:locale\" content=\"fr_FR\" \/>\n<meta property=\"og:type\" content=\"article\" \/>\n<meta property=\"og:title\" content=\"H\u00e9bergement - EVVE 2026\" \/>\n<meta property=\"og:description\" content=\"Tous les \u00e9v\u00e9nements du programme EVVE 2026 se d\u00e9rouleront \u00e0 l&rsquo;h\u00f4tel Fort Garry, dans le centre-ville de Winnipeg. MEC a r\u00e9serv\u00e9 un contingent de chambres pour les participants \u00e0 la conf\u00e9rence \u00e0 l&rsquo;h\u00f4tel Fort Garry, ainsi que d&rsquo;autres options pratiques dans les environs. Pour plus de d\u00e9tails, voir ci-dessous : Nous avons r\u00e9serv\u00e9 un nombre [&hellip;]\" \/>\n<meta property=\"og:url\" content=\"https:\/\/evve.emc-mec.ca\/fr\/hebergement-2\/\" \/>\n<meta property=\"og:site_name\" content=\"EVVE 2026\" \/>\n<meta property=\"article:modified_time\" content=\"2026-04-15T19:13:48+00:00\" \/>\n<meta property=\"og:image\" content=\"https:\/\/evve.emc-mec.ca\/wp-content\/uploads\/2026\/04\/Offer-Park.webp\" \/>\n\t<meta property=\"og:image:width\" content=\"940\" \/>\n\t<meta property=\"og:image:height\" content=\"700\" \/>\n\t<meta property=\"og:image:type\" content=\"image\/webp\" \/>\n<meta name=\"twitter:card\" content=\"summary_large_image\" \/>\n<meta name=\"twitter:label1\" content=\"Dur\u00e9e de lecture estim\u00e9e\" \/>\n\t<meta name=\"twitter:data1\" content=\"2 minutes\" \/>\n<script type=\"application\/ld+json\" class=\"yoast-schema-graph\">{\"@context\":\"https:\\\/\\\/schema.org\",\"@graph\":[{\"@type\":\"WebPage\",\"@id\":\"https:\\\/\\\/evve.emc-mec.ca\\\/fr\\\/hebergement-2\\\/\",\"url\":\"https:\\\/\\\/evve.emc-mec.ca\\\/fr\\\/hebergement-2\\\/\",\"name\":\"H\u00e9bergement - EVVE 2026\",\"isPartOf\":{\"@id\":\"https:\\\/\\\/evve.emc-mec.ca\\\/#website\"},\"primaryImageOfPage\":{\"@id\":\"https:\\\/\\\/evve.emc-mec.ca\\\/fr\\\/hebergement-2\\\/#primaryimage\"},\"image\":{\"@id\":\"https:\\\/\\\/evve.emc-mec.ca\\\/fr\\\/hebergement-2\\\/#primaryimage\"},\"thumbnailUrl\":\"https:\\\/\\\/evve.emc-mec.ca\\\/wp-content\\\/uploads\\\/2026\\\/04\\\/Offer-Park.webp\",\"datePublished\":\"2026-02-03T16:27:08+00:00\",\"dateModified\":\"2026-04-15T19:13:48+00:00\",\"breadcrumb\":{\"@id\":\"https:\\\/\\\/evve.emc-mec.ca\\\/fr\\\/hebergement-2\\\/#breadcrumb\"},\"inLanguage\":\"fr-FR\",\"potentialAction\":[{\"@type\":\"ReadAction\",\"target\":[\"https:\\\/\\\/evve.emc-mec.ca\\\/fr\\\/hebergement-2\\\/\"]}]},{\"@type\":\"ImageObject\",\"inLanguage\":\"fr-FR\",\"@id\":\"https:\\\/\\\/evve.emc-mec.ca\\\/fr\\\/hebergement-2\\\/#primaryimage\",\"url\":\"https:\\\/\\\/evve.emc-mec.ca\\\/wp-content\\\/uploads\\\/2026\\\/04\\\/Offer-Park.webp\",\"contentUrl\":\"https:\\\/\\\/evve.emc-mec.ca\\\/wp-content\\\/uploads\\\/2026\\\/04\\\/Offer-Park.webp\"},{\"@type\":\"BreadcrumbList\",\"@id\":\"https:\\\/\\\/evve.emc-mec.ca\\\/fr\\\/hebergement-2\\\/#breadcrumb\",\"itemListElement\":[{\"@type\":\"ListItem\",\"position\":1,\"name\":\"Home\",\"item\":\"https:\\\/\\\/evve.emc-mec.ca\\\/\"},{\"@type\":\"ListItem\",\"position\":2,\"name\":\"H\u00e9bergement\"}]},{\"@type\":\"WebSite\",\"@id\":\"https:\\\/\\\/evve.emc-mec.ca\\\/#website\",\"url\":\"https:\\\/\\\/evve.emc-mec.ca\\\/\",\"name\":\"EVVE 2026\",\"description\":\"EMC&#039;s national conference\",\"publisher\":{\"@id\":\"https:\\\/\\\/evve.emc-mec.ca\\\/#organization\"},\"potentialAction\":[{\"@type\":\"SearchAction\",\"target\":{\"@type\":\"EntryPoint\",\"urlTemplate\":\"https:\\\/\\\/evve.emc-mec.ca\\\/?s={search_term_string}\"},\"query-input\":{\"@type\":\"PropertyValueSpecification\",\"valueRequired\":true,\"valueName\":\"search_term_string\"}}],\"inLanguage\":\"fr-FR\"},{\"@type\":\"Organization\",\"@id\":\"https:\\\/\\\/evve.emc-mec.ca\\\/#organization\",\"name\":\"Electric Mobility Canada \\\/ Mobilit\u00e9 \u00c9lectrique Canada\",\"url\":\"https:\\\/\\\/evve.emc-mec.ca\\\/\",\"logo\":{\"@type\":\"ImageObject\",\"inLanguage\":\"fr-FR\",\"@id\":\"https:\\\/\\\/evve.emc-mec.ca\\\/#\\\/schema\\\/logo\\\/image\\\/\",\"url\":\"https:\\\/\\\/evve.emc-mec.ca\\\/wp-content\\\/uploads\\\/2026\\\/04\\\/EVVE-2026-Sponsor-Logos-Web.png\",\"contentUrl\":\"https:\\\/\\\/evve.emc-mec.ca\\\/wp-content\\\/uploads\\\/2026\\\/04\\\/EVVE-2026-Sponsor-Logos-Web.png\",\"width\":2000,\"height\":1429,\"caption\":\"Electric Mobility Canada \\\/ Mobilit\u00e9 \u00c9lectrique Canada\"},\"image\":{\"@id\":\"https:\\\/\\\/evve.emc-mec.ca\\\/#\\\/schema\\\/logo\\\/image\\\/\"}}]}<\/script>\n<!-- \/ Yoast SEO plugin. -->","yoast_head_json":{"title":"H\u00e9bergement - EVVE 2026","robots":{"index":"index","follow":"follow","max-snippet":"max-snippet:-1","max-image-preview":"max-image-preview:large","max-video-preview":"max-video-preview:-1"},"canonical":"https:\/\/evve.emc-mec.ca\/fr\/hebergement-2\/","og_locale":"fr_FR","og_type":"article","og_title":"H\u00e9bergement - EVVE 2026","og_description":"Tous les \u00e9v\u00e9nements du programme EVVE 2026 se d\u00e9rouleront \u00e0 l&rsquo;h\u00f4tel Fort Garry, dans le centre-ville de Winnipeg. MEC a r\u00e9serv\u00e9 un contingent de chambres pour les participants \u00e0 la conf\u00e9rence \u00e0 l&rsquo;h\u00f4tel Fort Garry, ainsi que d&rsquo;autres options pratiques dans les environs. Pour plus de d\u00e9tails, voir ci-dessous : Nous avons r\u00e9serv\u00e9 un nombre [&hellip;]","og_url":"https:\/\/evve.emc-mec.ca\/fr\/hebergement-2\/","og_site_name":"EVVE 2026","article_modified_time":"2026-04-15T19:13:48+00:00","og_image":[{"width":940,"height":700,"url":"https:\/\/evve.emc-mec.ca\/wp-content\/uploads\/2026\/04\/Offer-Park.webp","type":"image\/webp"}],"twitter_card":"summary_large_image","twitter_misc":{"Dur\u00e9e de lecture estim\u00e9e":"2 minutes"},"schema":{"@context":"https:\/\/schema.org","@graph":[{"@type":"WebPage","@id":"https:\/\/evve.emc-mec.ca\/fr\/hebergement-2\/","url":"https:\/\/evve.emc-mec.ca\/fr\/hebergement-2\/","name":"H\u00e9bergement - EVVE 2026","isPartOf":{"@id":"https:\/\/evve.emc-mec.ca\/#website"},"primaryImageOfPage":{"@id":"https:\/\/evve.emc-mec.ca\/fr\/hebergement-2\/#primaryimage"},"image":{"@id":"https:\/\/evve.emc-mec.ca\/fr\/hebergement-2\/#primaryimage"},"thumbnailUrl":"https:\/\/evve.emc-mec.ca\/wp-content\/uploads\/2026\/04\/Offer-Park.webp","datePublished":"2026-02-03T16:27:08+00:00","dateModified":"2026-04-15T19:13:48+00:00","breadcrumb":{"@id":"https:\/\/evve.emc-mec.ca\/fr\/hebergement-2\/#breadcrumb"},"inLanguage":"fr-FR","potentialAction":[{"@type":"ReadAction","target":["https:\/\/evve.emc-mec.ca\/fr\/hebergement-2\/"]}]},{"@type":"ImageObject","inLanguage":"fr-FR","@id":"https:\/\/evve.emc-mec.ca\/fr\/hebergement-2\/#primaryimage","url":"https:\/\/evve.emc-mec.ca\/wp-content\/uploads\/2026\/04\/Offer-Park.webp","contentUrl":"https:\/\/evve.emc-mec.ca\/wp-content\/uploads\/2026\/04\/Offer-Park.webp"},{"@type":"BreadcrumbList","@id":"https:\/\/evve.emc-mec.ca\/fr\/hebergement-2\/#breadcrumb","itemListElement":[{"@type":"ListItem","position":1,"name":"Home","item":"https:\/\/evve.emc-mec.ca\/"},{"@type":"ListItem","position":2,"name":"H\u00e9bergement"}]},{"@type":"WebSite","@id":"https:\/\/evve.emc-mec.ca\/#website","url":"https:\/\/evve.emc-mec.ca\/","name":"EVVE 2026","description":"EMC&#039;s national conference","publisher":{"@id":"https:\/\/evve.emc-mec.ca\/#organization"},"potentialAction":[{"@type":"SearchAction","target":{"@type":"EntryPoint","urlTemplate":"https:\/\/evve.emc-mec.ca\/?s={search_term_string}"},"query-input":{"@type":"PropertyValueSpecification","valueRequired":true,"valueName":"search_term_string"}}],"inLanguage":"fr-FR"},{"@type":"Organization","@id":"https:\/\/evve.emc-mec.ca\/#organization","name":"Electric Mobility Canada \/ Mobilit\u00e9 \u00c9lectrique Canada","url":"https:\/\/evve.emc-mec.ca\/","logo":{"@type":"ImageObject","inLanguage":"fr-FR","@id":"https:\/\/evve.emc-mec.ca\/#\/schema\/logo\/image\/","url":"https:\/\/evve.emc-mec.ca\/wp-content\/uploads\/2026\/04\/EVVE-2026-Sponsor-Logos-Web.png","contentUrl":"https:\/\/evve.emc-mec.ca\/wp-content\/uploads\/2026\/04\/EVVE-2026-Sponsor-Logos-Web.png","width":2000,"height":1429,"caption":"Electric Mobility Canada \/ Mobilit\u00e9 \u00c9lectrique Canada"},"image":{"@id":"https:\/\/evve.emc-mec.ca\/#\/schema\/logo\/image\/"}}]}},"_links":{"self":[{"href":"https:\/\/evve.emc-mec.ca\/fr\/wp-json\/wp\/v2\/pages\/7249","targetHints":{"allow":["GET"]}}],"collection":[{"href":"https:\/\/evve.emc-mec.ca\/fr\/wp-json\/wp\/v2\/pages"}],"about":[{"href":"https:\/\/evve.emc-mec.ca\/fr\/wp-json\/wp\/v2\/types\/page"}],"author":[{"embeddable":true,"href":"https:\/\/evve.emc-mec.ca\/fr\/wp-json\/wp\/v2\/users\/3"}],"replies":[{"embeddable":true,"href":"https:\/\/evve.emc-mec.ca\/fr\/wp-json\/wp\/v2\/comments?post=7249"}],"version-history":[{"count":3,"href":"https:\/\/evve.emc-mec.ca\/fr\/wp-json\/wp\/v2\/pages\/7249\/revisions"}],"predecessor-version":[{"id":7603,"href":"https:\/\/evve.emc-mec.ca\/fr\/wp-json\/wp\/v2\/pages\/7249\/revisions\/7603"}],"wp:attachment":[{"href":"https:\/\/evve.emc-mec.ca\/fr\/wp-json\/wp\/v2\/media?parent=7249"}],"curies":[{"name":"wp","href":"https:\/\/api.w.org\/{rel}","templated":true}]}}