{"id":7701,"date":"2026-05-15T09:34:05","date_gmt":"2026-05-15T13:34:05","guid":{"rendered":"https:\/\/evve.emc-mec.ca\/forum-b2b\/"},"modified":"2026-05-15T09:34:05","modified_gmt":"2026-05-15T13:34:05","slug":"forum-b2b","status":"publish","type":"page","link":"https:\/\/evve.emc-mec.ca\/fr\/forum-b2b\/","title":{"rendered":"Forum B2B"},"content":{"rendered":"\n<div class=\"wp-block-group alignfull is-layout-flow wp-block-group-is-layout-flow\">\n<div class=\"wp-block-group alignfull has-global-padding is-layout-constrained wp-container-core-group-is-layout-1ec9d9dd wp-block-group-is-layout-constrained\" style=\"margin-top:0;margin-bottom:0;padding-top:0;padding-right:var(--wp--preset--spacing--superbspacing-small);padding-bottom:var(--wp--preset--spacing--superbspacing-xsmall);padding-left:var(--wp--preset--spacing--superbspacing-small)\">\n<div class=\"wp-block-group alignwide has-global-padding is-layout-constrained wp-container-core-group-is-layout-7ff3743e wp-block-group-is-layout-constrained\" style=\"border-radius:20px;padding-top:0;padding-right:0;padding-bottom:0;padding-left:0\">\n<div class=\"wp-block-group has-global-padding is-content-justification-center is-layout-constrained wp-container-core-group-is-layout-9df98923 wp-block-group-is-layout-constrained\">\n<h1 class=\"wp-block-heading has-text-align-center has-mono-1-color has-text-color has-superbfont-xxlarge-font-size\">Forum d&rsquo;affaires EVVE 2026<\/h1>\n\n\n\n<p class=\"has-text-align-center has-superbfont-small-font-size\">Le Forum B2B EVVE 2026 est un \u00e9v\u00e9nement de r\u00e9seautage structur\u00e9, con\u00e7u pour mettre en relation les commanditaires et les participants \u00e0 travers des rencontres courtes et cibl\u00e9es. Ce format vise \u00e0 renforcer l&rsquo;engagement, \u00e0 am\u00e9liorer la qualit\u00e9 des prospects et \u00e0 g\u00e9n\u00e9rer des r\u00e9sultats plus significatifs et mesurables, tant pour les commanditaires que pour les participants.<\/p>\n\n\n\n<p class=\"has-text-align-center has-superbfont-small-font-size\">En privil\u00e9giant les \u00e9changes de qualit\u00e9 plut\u00f4t que la simple exposition passive, le Forum offre \u00e0 tous une exp\u00e9rience de r\u00e9seautage plus cibl\u00e9e et plus efficace.<\/p>\n\n\n\n<div style=\"height:36px\" aria-hidden=\"true\" class=\"wp-block-spacer\"><\/div>\n\n\n\n<div class=\"wp-block-columns is-layout-flex wp-container-core-columns-is-layout-28f84493 wp-block-columns-is-layout-flex\">\n<div class=\"wp-block-column is-layout-flow wp-block-column-is-layout-flow\">\n<h3 class=\"wp-block-heading has-superbfont-small-font-size\">\u00c0 quoi s&rsquo;attendre<\/h3>\n\n\n\n<p class=\"has-superbfont-small-font-size\">Le forum d\u00e9bute par une br\u00e8ve allocution d&rsquo;ouverture, suivie d&rsquo;une s\u00e9rie de rotations de r\u00e9seautage chronom\u00e9tr\u00e9es aux tables anim\u00e9es par les commanditaires. <\/p>\n\n\n\n<p class=\"has-superbfont-small-font-size\">Les r\u00e9unions r\u00e9serv\u00e9es \u00e0 l&rsquo;avance sont prioritaires, mais des espaces suppl\u00e9mentaires sont pr\u00e9vus pour le r\u00e9seautage libre tout au long de la session. <\/p>\n\n\n\n<p class=\"has-superbfont-small-font-size\">Les animateurs de table recevront, avant la conf\u00e9rence, des instructions leur permettant de r\u00e9server \u00e0 l&rsquo;avance des rendez-vous avec les participants \u00e0 EVVE 2026.<\/p>\n<\/div>\n\n\n\n<div class=\"wp-block-column is-layout-flow wp-block-column-is-layout-flow\">\n<h3 class=\"wp-block-heading has-superbfont-small-font-size\">Comment participer<\/h3>\n\n\n\n<p class=\"has-superbfont-small-font-size\">Les membres de MEC peuvent r\u00e9server une table d&rsquo;h\u00f4te au prix de 1 000 $. Les entreprises et organisations non membres souhaitant participer peuvent r\u00e9server une table d&rsquo;h\u00f4te au prix de 2 500 $.<\/p>\n\n\n\n<p class=\"has-superbfont-small-font-size\">Tous les participants \u00e0 EVVE 2026 peuvent prendre part \u00e0 l&rsquo;\u00e9v\u00e9nement, que ce soit dans le cadre de rendez-vous pr\u00e9-organis\u00e9s avec les commanditaires ou dans l&rsquo;espace de r\u00e9seautage ouvert \u00e0 tous.<\/p>\n\n\n\n<p class=\"has-superbfont-small-font-size\"><em>Note that all Presenting, Gold, and Silver sponsors have host tables included in their sponsorship packages.<\/em><\/p>\n<\/div>\n<\/div>\n<\/div>\n<\/div>\n<\/div>\n\n\n\n<div style=\"height:19px\" aria-hidden=\"true\" class=\"wp-block-spacer\"><\/div>\n\n\n\n<div class=\"wp-block-media-text is-stacked-on-mobile has-featured-background-color has-background\" style=\"margin-top:0;margin-right:var(--wp--preset--spacing--superbspacing-xxlarge);margin-bottom:0;margin-left:var(--wp--preset--spacing--superbspacing-xxlarge);padding-top:var(--wp--preset--spacing--superbspacing-xsmall);padding-right:var(--wp--preset--spacing--superbspacing-medium);padding-bottom:var(--wp--preset--spacing--superbspacing-xsmall);padding-left:var(--wp--preset--spacing--superbspacing-medium);grid-template-columns:44% auto\"><figure class=\"wp-block-media-text__media\"><img loading=\"lazy\" decoding=\"async\" width=\"1024\" height=\"683\" src=\"https:\/\/evve.emc-mec.ca\/wp-content\/uploads\/2024\/09\/2024-09-11-Electric-Mobility-Canada-210-Copie-1024x683.jpg\" alt=\"\" class=\"wp-image-4244 size-full\" srcset=\"https:\/\/evve.emc-mec.ca\/wp-content\/uploads\/2024\/09\/2024-09-11-Electric-Mobility-Canada-210-Copie-1024x683.jpg 1024w, https:\/\/evve.emc-mec.ca\/wp-content\/uploads\/2024\/09\/2024-09-11-Electric-Mobility-Canada-210-Copie-300x200.jpg 300w, https:\/\/evve.emc-mec.ca\/wp-content\/uploads\/2024\/09\/2024-09-11-Electric-Mobility-Canada-210-Copie-768x512.jpg 768w, https:\/\/evve.emc-mec.ca\/wp-content\/uploads\/2024\/09\/2024-09-11-Electric-Mobility-Canada-210-Copie-1536x1024.jpg 1536w, https:\/\/evve.emc-mec.ca\/wp-content\/uploads\/2024\/09\/2024-09-11-Electric-Mobility-Canada-210-Copie-2048x1365.jpg 2048w, https:\/\/evve.emc-mec.ca\/wp-content\/uploads\/2024\/09\/2024-09-11-Electric-Mobility-Canada-210-Copie-500x333.jpg 500w\" sizes=\"auto, (max-width: 1024px) 100vw, 1024px\" \/><\/figure><div class=\"wp-block-media-text__content\">\n<p class=\"has-superbfont-large-font-size\"><strong>D\u00e9tails de l&rsquo;\u00e9venement<\/strong><\/p>\n\n\n\n<p class=\"has-superbfont-medium-font-size\"><strong>Date:<\/strong> 21 octobre 2026<\/p>\n\n\n\n<p class=\"has-superbfont-medium-font-size\"><strong>Heure: <\/strong>15h45 &#8211; 17h30<\/p>\n\n\n\n<p class=\"has-superbfont-medium-font-size\"><strong>Lieu: <\/strong>Concert Hall, Fort Garry Hotel<\/p>\n<\/div><\/div>\n\n\n\n<div style=\"height:45px\" aria-hidden=\"true\" class=\"wp-block-spacer\"><\/div>\n\n\n\n<div class=\"wp-block-group alignfull has-global-padding is-layout-constrained wp-container-core-group-is-layout-1c9ae574 wp-block-group-is-layout-constrained has-background\" style=\"margin-top:0;margin-bottom:0;padding-top:var(--wp--preset--spacing--superbspacing-small);padding-right:var(--wp--preset--spacing--superbspacing-small);padding-bottom:var(--wp--preset--spacing--superbspacing-small);padding-left:var(--wp--preset--spacing--superbspacing-small);background-image:url(&apos;https:\/\/evve.emc-mec.ca\/wp-content\/uploads\/2025\/12\/skylines.img-632.winnipeg-skyline-1-scaled.jpg&apos;);background-size:cover;\">\n<div class=\"wp-block-group alignwide has-global-padding is-content-justification-center is-layout-constrained wp-container-core-group-is-layout-e99e6284 wp-block-group-is-layout-constrained\">\n<div class=\"wp-block-group has-custom-color-7-background-color has-background has-global-padding is-layout-constrained wp-container-core-group-is-layout-6a9e2b1b wp-block-group-is-layout-constrained\" style=\"border-radius:24px;padding-top:var(--wp--preset--spacing--superbspacing-xxsmall);padding-right:var(--wp--preset--spacing--superbspacing-medium);padding-bottom:var(--wp--preset--spacing--superbspacing-xxsmall);padding-left:var(--wp--preset--spacing--superbspacing-medium)\">\n<h2 class=\"wp-block-heading has-text-align-center has-custom-color-2-color has-text-color has-superbfont-xlarge-font-size\">Optimisez votre r\u00e9seautage \u00e0 EVVE 2026 <\/h2>\n\n\n\n<div class=\"wp-block-buttons wp-container-content-9cfa9a5a is-content-justification-center is-nowrap is-layout-flex wp-container-core-buttons-is-layout-bc7c57ac wp-block-buttons-is-layout-flex\">\n<div class=\"wp-block-button\"><a class=\"wp-block-button__link has-superbfont-small-font-size has-custom-font-size wp-element-button\" href=\"https:\/\/site.pheedloop.com\/event\/EVEOEZYALKSRR\/home\/\">R\u00e9server une table d&rsquo;h\u00f4te<\/a><\/div>\n<\/div>\n<\/div>\n<\/div>\n<\/div>\n<\/div>\n","protected":false},"excerpt":{"rendered":"<p>Forum d&rsquo;affaires EVVE 2026 Le Forum B2B EVVE 2026 est un \u00e9v\u00e9nement de r\u00e9seautage structur\u00e9, con\u00e7u pour mettre en relation les commanditaires et les participants \u00e0 travers des rencontres courtes et cibl\u00e9es. Ce format vise \u00e0 renforcer l&rsquo;engagement, \u00e0 am\u00e9liorer la qualit\u00e9 des prospects et \u00e0 g\u00e9n\u00e9rer des r\u00e9sultats plus significatifs et mesurables, tant pour [&hellip;]<\/p>\n","protected":false},"author":3,"featured_media":0,"parent":0,"menu_order":0,"comment_status":"closed","ping_status":"closed","template":"page-full-width","meta":{"_monsterinsights_skip_tracking":false,"_monsterinsights_sitenote_active":false,"_monsterinsights_sitenote_note":"","_monsterinsights_sitenote_category":0,"footnotes":""},"class_list":["post-7701","page","type-page","status-publish","hentry"],"acf":[],"yoast_head":"<!-- This site is optimized with the Yoast SEO plugin v27.6 - https:\/\/yoast.com\/product\/yoast-seo-wordpress\/ -->\n<title>Forum B2B - EVVE 2026<\/title>\n<meta name=\"robots\" content=\"index, follow, max-snippet:-1, max-image-preview:large, max-video-preview:-1\" \/>\n<link rel=\"canonical\" href=\"https:\/\/evve.emc-mec.ca\/fr\/forum-b2b\/\" \/>\n<meta property=\"og:locale\" content=\"fr_FR\" \/>\n<meta property=\"og:type\" content=\"article\" \/>\n<meta property=\"og:title\" content=\"Forum B2B - EVVE 2026\" \/>\n<meta property=\"og:description\" content=\"Forum d&rsquo;affaires EVVE 2026 Le Forum B2B EVVE 2026 est un \u00e9v\u00e9nement de r\u00e9seautage structur\u00e9, con\u00e7u pour mettre en relation les commanditaires et les participants \u00e0 travers des rencontres courtes et cibl\u00e9es. Ce format vise \u00e0 renforcer l&rsquo;engagement, \u00e0 am\u00e9liorer la qualit\u00e9 des prospects et \u00e0 g\u00e9n\u00e9rer des r\u00e9sultats plus significatifs et mesurables, tant pour [&hellip;]\" \/>\n<meta property=\"og:url\" content=\"https:\/\/evve.emc-mec.ca\/fr\/forum-b2b\/\" \/>\n<meta property=\"og:site_name\" content=\"EVVE 2026\" \/>\n<meta property=\"og:image\" content=\"https:\/\/evve.emc-mec.ca\/wp-content\/uploads\/2024\/09\/2024-09-11-Electric-Mobility-Canada-210-Copie-scaled.jpg\" \/>\n\t<meta property=\"og:image:width\" content=\"2560\" \/>\n\t<meta property=\"og:image:height\" content=\"1707\" \/>\n\t<meta property=\"og:image:type\" content=\"image\/jpeg\" \/>\n<meta name=\"twitter:card\" content=\"summary_large_image\" \/>\n<meta name=\"twitter:label1\" content=\"Dur\u00e9e de lecture estim\u00e9e\" \/>\n\t<meta name=\"twitter:data1\" content=\"1 minute\" \/>\n<script type=\"application\/ld+json\" class=\"yoast-schema-graph\">{\"@context\":\"https:\\\/\\\/schema.org\",\"@graph\":[{\"@type\":\"WebPage\",\"@id\":\"https:\\\/\\\/evve.emc-mec.ca\\\/fr\\\/forum-b2b\\\/\",\"url\":\"https:\\\/\\\/evve.emc-mec.ca\\\/fr\\\/forum-b2b\\\/\",\"name\":\"Forum B2B - EVVE 2026\",\"isPartOf\":{\"@id\":\"https:\\\/\\\/evve.emc-mec.ca\\\/#website\"},\"primaryImageOfPage\":{\"@id\":\"https:\\\/\\\/evve.emc-mec.ca\\\/fr\\\/forum-b2b\\\/#primaryimage\"},\"image\":{\"@id\":\"https:\\\/\\\/evve.emc-mec.ca\\\/fr\\\/forum-b2b\\\/#primaryimage\"},\"thumbnailUrl\":\"https:\\\/\\\/evve.emc-mec.ca\\\/wp-content\\\/uploads\\\/2024\\\/09\\\/2024-09-11-Electric-Mobility-Canada-210-Copie-1024x683.jpg\",\"datePublished\":\"2026-05-15T13:34:05+00:00\",\"breadcrumb\":{\"@id\":\"https:\\\/\\\/evve.emc-mec.ca\\\/fr\\\/forum-b2b\\\/#breadcrumb\"},\"inLanguage\":\"fr-FR\",\"potentialAction\":[{\"@type\":\"ReadAction\",\"target\":[\"https:\\\/\\\/evve.emc-mec.ca\\\/fr\\\/forum-b2b\\\/\"]}]},{\"@type\":\"ImageObject\",\"inLanguage\":\"fr-FR\",\"@id\":\"https:\\\/\\\/evve.emc-mec.ca\\\/fr\\\/forum-b2b\\\/#primaryimage\",\"url\":\"https:\\\/\\\/evve.emc-mec.ca\\\/wp-content\\\/uploads\\\/2024\\\/09\\\/2024-09-11-Electric-Mobility-Canada-210-Copie-1024x683.jpg\",\"contentUrl\":\"https:\\\/\\\/evve.emc-mec.ca\\\/wp-content\\\/uploads\\\/2024\\\/09\\\/2024-09-11-Electric-Mobility-Canada-210-Copie-1024x683.jpg\"},{\"@type\":\"BreadcrumbList\",\"@id\":\"https:\\\/\\\/evve.emc-mec.ca\\\/fr\\\/forum-b2b\\\/#breadcrumb\",\"itemListElement\":[{\"@type\":\"ListItem\",\"position\":1,\"name\":\"Home\",\"item\":\"https:\\\/\\\/evve.emc-mec.ca\\\/\"},{\"@type\":\"ListItem\",\"position\":2,\"name\":\"Forum B2B\"}]},{\"@type\":\"WebSite\",\"@id\":\"https:\\\/\\\/evve.emc-mec.ca\\\/#website\",\"url\":\"https:\\\/\\\/evve.emc-mec.ca\\\/\",\"name\":\"EVVE 2026\",\"description\":\"EMC&#039;s national conference\",\"publisher\":{\"@id\":\"https:\\\/\\\/evve.emc-mec.ca\\\/#organization\"},\"potentialAction\":[{\"@type\":\"SearchAction\",\"target\":{\"@type\":\"EntryPoint\",\"urlTemplate\":\"https:\\\/\\\/evve.emc-mec.ca\\\/?s={search_term_string}\"},\"query-input\":{\"@type\":\"PropertyValueSpecification\",\"valueRequired\":true,\"valueName\":\"search_term_string\"}}],\"inLanguage\":\"fr-FR\"},{\"@type\":\"Organization\",\"@id\":\"https:\\\/\\\/evve.emc-mec.ca\\\/#organization\",\"name\":\"Electric Mobility Canada \\\/ Mobilit\u00e9 \u00c9lectrique Canada\",\"url\":\"https:\\\/\\\/evve.emc-mec.ca\\\/\",\"logo\":{\"@type\":\"ImageObject\",\"inLanguage\":\"fr-FR\",\"@id\":\"https:\\\/\\\/evve.emc-mec.ca\\\/#\\\/schema\\\/logo\\\/image\\\/\",\"url\":\"https:\\\/\\\/evve.emc-mec.ca\\\/wp-content\\\/uploads\\\/2026\\\/04\\\/EVVE-2026-Sponsor-Logos-Web.png\",\"contentUrl\":\"https:\\\/\\\/evve.emc-mec.ca\\\/wp-content\\\/uploads\\\/2026\\\/04\\\/EVVE-2026-Sponsor-Logos-Web.png\",\"width\":2000,\"height\":1429,\"caption\":\"Electric Mobility Canada \\\/ Mobilit\u00e9 \u00c9lectrique Canada\"},\"image\":{\"@id\":\"https:\\\/\\\/evve.emc-mec.ca\\\/#\\\/schema\\\/logo\\\/image\\\/\"}}]}<\/script>\n<!-- \/ Yoast SEO plugin. -->","yoast_head_json":{"title":"Forum B2B - EVVE 2026","robots":{"index":"index","follow":"follow","max-snippet":"max-snippet:-1","max-image-preview":"max-image-preview:large","max-video-preview":"max-video-preview:-1"},"canonical":"https:\/\/evve.emc-mec.ca\/fr\/forum-b2b\/","og_locale":"fr_FR","og_type":"article","og_title":"Forum B2B - EVVE 2026","og_description":"Forum d&rsquo;affaires EVVE 2026 Le Forum B2B EVVE 2026 est un \u00e9v\u00e9nement de r\u00e9seautage structur\u00e9, con\u00e7u pour mettre en relation les commanditaires et les participants \u00e0 travers des rencontres courtes et cibl\u00e9es. Ce format vise \u00e0 renforcer l&rsquo;engagement, \u00e0 am\u00e9liorer la qualit\u00e9 des prospects et \u00e0 g\u00e9n\u00e9rer des r\u00e9sultats plus significatifs et mesurables, tant pour [&hellip;]","og_url":"https:\/\/evve.emc-mec.ca\/fr\/forum-b2b\/","og_site_name":"EVVE 2026","og_image":[{"width":2560,"height":1707,"url":"https:\/\/evve.emc-mec.ca\/wp-content\/uploads\/2024\/09\/2024-09-11-Electric-Mobility-Canada-210-Copie-scaled.jpg","type":"image\/jpeg"}],"twitter_card":"summary_large_image","twitter_misc":{"Dur\u00e9e de lecture estim\u00e9e":"1 minute"},"schema":{"@context":"https:\/\/schema.org","@graph":[{"@type":"WebPage","@id":"https:\/\/evve.emc-mec.ca\/fr\/forum-b2b\/","url":"https:\/\/evve.emc-mec.ca\/fr\/forum-b2b\/","name":"Forum B2B - EVVE 2026","isPartOf":{"@id":"https:\/\/evve.emc-mec.ca\/#website"},"primaryImageOfPage":{"@id":"https:\/\/evve.emc-mec.ca\/fr\/forum-b2b\/#primaryimage"},"image":{"@id":"https:\/\/evve.emc-mec.ca\/fr\/forum-b2b\/#primaryimage"},"thumbnailUrl":"https:\/\/evve.emc-mec.ca\/wp-content\/uploads\/2024\/09\/2024-09-11-Electric-Mobility-Canada-210-Copie-1024x683.jpg","datePublished":"2026-05-15T13:34:05+00:00","breadcrumb":{"@id":"https:\/\/evve.emc-mec.ca\/fr\/forum-b2b\/#breadcrumb"},"inLanguage":"fr-FR","potentialAction":[{"@type":"ReadAction","target":["https:\/\/evve.emc-mec.ca\/fr\/forum-b2b\/"]}]},{"@type":"ImageObject","inLanguage":"fr-FR","@id":"https:\/\/evve.emc-mec.ca\/fr\/forum-b2b\/#primaryimage","url":"https:\/\/evve.emc-mec.ca\/wp-content\/uploads\/2024\/09\/2024-09-11-Electric-Mobility-Canada-210-Copie-1024x683.jpg","contentUrl":"https:\/\/evve.emc-mec.ca\/wp-content\/uploads\/2024\/09\/2024-09-11-Electric-Mobility-Canada-210-Copie-1024x683.jpg"},{"@type":"BreadcrumbList","@id":"https:\/\/evve.emc-mec.ca\/fr\/forum-b2b\/#breadcrumb","itemListElement":[{"@type":"ListItem","position":1,"name":"Home","item":"https:\/\/evve.emc-mec.ca\/"},{"@type":"ListItem","position":2,"name":"Forum B2B"}]},{"@type":"WebSite","@id":"https:\/\/evve.emc-mec.ca\/#website","url":"https:\/\/evve.emc-mec.ca\/","name":"EVVE 2026","description":"EMC&#039;s national conference","publisher":{"@id":"https:\/\/evve.emc-mec.ca\/#organization"},"potentialAction":[{"@type":"SearchAction","target":{"@type":"EntryPoint","urlTemplate":"https:\/\/evve.emc-mec.ca\/?s={search_term_string}"},"query-input":{"@type":"PropertyValueSpecification","valueRequired":true,"valueName":"search_term_string"}}],"inLanguage":"fr-FR"},{"@type":"Organization","@id":"https:\/\/evve.emc-mec.ca\/#organization","name":"Electric Mobility Canada \/ Mobilit\u00e9 \u00c9lectrique Canada","url":"https:\/\/evve.emc-mec.ca\/","logo":{"@type":"ImageObject","inLanguage":"fr-FR","@id":"https:\/\/evve.emc-mec.ca\/#\/schema\/logo\/image\/","url":"https:\/\/evve.emc-mec.ca\/wp-content\/uploads\/2026\/04\/EVVE-2026-Sponsor-Logos-Web.png","contentUrl":"https:\/\/evve.emc-mec.ca\/wp-content\/uploads\/2026\/04\/EVVE-2026-Sponsor-Logos-Web.png","width":2000,"height":1429,"caption":"Electric Mobility Canada \/ Mobilit\u00e9 \u00c9lectrique Canada"},"image":{"@id":"https:\/\/evve.emc-mec.ca\/#\/schema\/logo\/image\/"}}]}},"_links":{"self":[{"href":"https:\/\/evve.emc-mec.ca\/fr\/wp-json\/wp\/v2\/pages\/7701","targetHints":{"allow":["GET"]}}],"collection":[{"href":"https:\/\/evve.emc-mec.ca\/fr\/wp-json\/wp\/v2\/pages"}],"about":[{"href":"https:\/\/evve.emc-mec.ca\/fr\/wp-json\/wp\/v2\/types\/page"}],"author":[{"embeddable":true,"href":"https:\/\/evve.emc-mec.ca\/fr\/wp-json\/wp\/v2\/users\/3"}],"replies":[{"embeddable":true,"href":"https:\/\/evve.emc-mec.ca\/fr\/wp-json\/wp\/v2\/comments?post=7701"}],"version-history":[{"count":1,"href":"https:\/\/evve.emc-mec.ca\/fr\/wp-json\/wp\/v2\/pages\/7701\/revisions"}],"predecessor-version":[{"id":7702,"href":"https:\/\/evve.emc-mec.ca\/fr\/wp-json\/wp\/v2\/pages\/7701\/revisions\/7702"}],"wp:attachment":[{"href":"https:\/\/evve.emc-mec.ca\/fr\/wp-json\/wp\/v2\/media?parent=7701"}],"curies":[{"name":"wp","href":"https:\/\/api.w.org\/{rel}","templated":true}]}}