{"id":987,"date":"2022-04-14T13:55:29","date_gmt":"2022-04-14T17:55:29","guid":{"rendered":"https:\/\/emc-mec-ev2022.isunderconstruction.com\/sponsorships\/"},"modified":"2026-05-06T11:23:11","modified_gmt":"2026-05-06T15:23:11","slug":"devenez-un-commanditaire","status":"publish","type":"page","link":"https:\/\/evve.emc-mec.ca\/fr\/devenez-un-commanditaire\/","title":{"rendered":"Commandites"},"content":{"rendered":"\n<h4 class=\"wp-block-heading has-custom-color-2-color has-text-color has-link-color has-superbfont-medium-font-size wp-elements-a5aa3ef9ab3887df1d04b71692912bcf\">EVVE 2026 est la principale conf\u00e9rence canadienne destin\u00e9e aux leaders, aux innovateurs et aux d\u00e9cideurs politiques dans le domaine des transports \u00e9lectriques et durables. R\u00e9unissant des d\u00e9cideurs de l&rsquo;industrie, des repr\u00e9sentants gouvernementaux, des services publics et des \u00e9quipementiers de tout le pays, MEC offre une plateforme pour mettre en valeur le leadership \u00e9clair\u00e9, favoriser les relations et faire progresser la transition vers une mobilit\u00e9 durable. Le parrainage offre une occasion unique d&rsquo;accro\u00eetre la visibilit\u00e9 de la marque, d&rsquo;interagir directement avec un public tr\u00e8s influent et de s&rsquo;aligner sur l&rsquo;avenir des transports propres au Canada. <\/h4>\n\n\n\n<p class=\"has-superbfont-medium-font-size\"><strong>Une commandite offre une occasion unique d&rsquo;accro\u00eetre la visibilit\u00e9 de la marque, d&rsquo;interagir directement avec un public tr\u00e8s influent et de s&rsquo;aligner sur l&rsquo;avenir des transports propres au Canada. <\/strong><\/p>\n\n\n\n<h2 class=\"wp-block-heading has-custom-color-2-color has-text-color has-link-color has-superbfont-large-font-size wp-elements-0eac5c0a405638a247d5d6703b113ae8\"><b>Pourquoi commanditer EVVE 2026<\/b><\/h2>\n\n\n\n<ul class=\"wp-block-list has-custom-color-2-color has-text-color has-link-color has-superbfont-small-font-size wp-elements-7b44c5af34b4e70ccbd4bd352a479d34\">\n<li><strong>Touchez les d\u00e9cideurs influents :<\/strong> cadres sup\u00e9rieurs, d\u00e9cideurs politiques, services publics, \u00e9quipementiers<\/li>\n<\/ul>\n\n\n\n<ul class=\"wp-block-list has-custom-color-2-color has-text-color has-link-color has-superbfont-small-font-size wp-elements-76183d0fbebf3c61373bbb0cb1743b66\">\n<li><strong>Faire preuve de leadership<\/strong> en mati\u00e8re d&rsquo;innovation, de durabilit\u00e9 et d&rsquo;\u00e9quit\u00e9<\/li>\n<\/ul>\n\n\n\n<ul class=\"wp-block-list has-superbfont-small-font-size\">\n<li class=\"has-custom-color-2-color has-text-color has-link-color wp-elements-6a1c52c42101d0497020989ccf649f95\"><strong>Interagissez directement avec les participants<\/strong> gr\u00e2ce aux r\u00e9seaux sociaux, au r\u00e9seautage et \u00e0 des activit\u00e9s exp\u00e9rientielles.<\/li>\n<\/ul>\n\n\n\n<ul class=\"wp-block-list has-superbfont-small-font-size\">\n<li class=\"has-custom-color-2-color has-text-color has-link-color wp-elements-20cfb5ba045d5b6898bd4e34fc850b4f\"><strong>Amplifiez la port\u00e9e de votre marque<\/strong> en ligne et en personne, avant, pendant et apr\u00e8s l&rsquo;\u00e9v\u00e9nement.<\/li>\n<\/ul>\n\n\n\n<div class=\"wp-block-buttons is-layout-flex wp-block-buttons-is-layout-flex\">\n<div class=\"wp-block-button has-custom-width wp-block-button__width-100\"><a class=\"wp-block-button__link wp-element-button\" href=\"https:\/\/evve.emc-mec.ca\/wp-content\/uploads\/2026\/05\/EVVE-2026-Sponsorship-Prospectus-Long-3.pdf\">T\u00e9l\u00e9charger le prospectus de commandites<\/a><\/div>\n<\/div>\n\n\n\n<p class=\"has-superbfont-large-font-size\"><strong>Forfaits de commandite<\/strong><\/p>\n\n\n\n<p class=\"has-superbfont-medium-font-size\">D\u00e9couvrez nos formules de commandite sur mesure, chacune offrant des occasions uniques d&rsquo;interagir avec les participants, de rehausser votre image de marque et de d\u00e9montrer votre leadership en mati\u00e8re d&rsquo;innovation, de durabilit\u00e9 ou d&rsquo;\u00e9quit\u00e9. <\/p>\n\n\n\n<div class=\"wp-block-group is-layout-grid wp-container-core-group-is-layout-478b6e6b wp-block-group-is-layout-grid\">\n<div class=\"wp-block-superb-addons-accordion-block has-custom-color-background-color has-background wp-container-content-69bc4bdf\" data-accordion-id=\"superb-accordion-c583748d\"><div class=\"superb-accordion-header\" role=\"button\" tabindex=\"0\" aria-expanded=\"false\" aria-controls=\"superb-accordion-content-superb-accordion-c583748d\"><h4 class=\"superb-accordion-title\"><strong>Basic&nbsp;Sponsor Package \u2013 $5,000<\/strong><\/h4><span class=\"superb-accordion-icon\"><\/span><\/div><div id=\"superb-accordion-content-superb-accordion-c583748d\" class=\"superb-accordion-content\" style=\"display:none\" aria-hidden=\"true\">\n<div class=\"wp-block-group superb-accordion-content-wrapper is-layout-grid wp-container-core-group-is-layout-478b6e6b wp-block-group-is-layout-grid\">\n<details class=\"wp-block-details has-custom-color-2-color has-text-color has-link-color wp-elements-b9649e403f148725b85e4a3f8d572ab6 wp-container-content-69bc4bdf is-layout-flow wp-block-details-is-layout-flow\"><summary><strong>Organizations seeking credible visibility at Canada\u2019s leading electric mobility conference without the operational or financial commitments of a larger sponsorship.<\/strong>&nbsp;<br>&#8211; Logo on event website and app&nbsp;<br>&#8211; Logo on event signage&nbsp;<br>&#8211; Social media mentions&nbsp;<br>&#8211; Event communication mentions&nbsp;<br>&#8211; Customizable profile in event app&nbsp;<br><strong><em>See below for a list of available add-ons to Basic Sponsor Package.<\/em><\/strong>&nbsp;<\/summary>\n<p><\/p>\n<\/details>\n<\/div>\n<\/div><\/div>\n\n\n\n<div class=\"wp-block-superb-addons-accordion-block has-custom-color-background-color has-background\" data-accordion-id=\"superb-accordion-7b840d31\"><div class=\"superb-accordion-header\" role=\"button\" tabindex=\"0\" aria-expanded=\"false\" aria-controls=\"superb-accordion-content-superb-accordion-7b840d31\"><h4 class=\"superb-accordion-title\"><strong>Networking Reception Sponsor Package \u2013 $30,000<\/strong><\/h4><span class=\"superb-accordion-icon\"><\/span><\/div><div id=\"superb-accordion-content-superb-accordion-7b840d31\" class=\"superb-accordion-content\" style=\"display:none\" aria-hidden=\"true\">\n<div class=\"wp-block-group superb-accordion-content-wrapper has-global-padding is-layout-constrained wp-block-group-is-layout-constrained\">\n<details class=\"wp-block-details has-custom-color-2-color has-text-color has-link-color wp-elements-826457a73f46274b0b256c02ab12d153 is-layout-flow wp-block-details-is-layout-flow\"><summary><strong>Engage attendees in a high-value, social environment.<\/strong>&nbsp;<br>&#8211; Basic&nbsp;Sponsor&nbsp;Package&nbsp;<br>&#8211; Exclusive sponsorship of networking reception at Canadian Museum for Human Rights&nbsp;<br>&#8211; On-site signage and logo placement during reception&nbsp;<br>&#8211; Opportunity to provide a welcome message at reception&nbsp;<\/summary>\n<p><\/p>\n<\/details>\n<\/div>\n<\/div><\/div>\n\n\n\n<div class=\"wp-block-superb-addons-accordion-block has-custom-color-5-color has-custom-color-background-color has-text-color has-background has-link-color wp-elements-2e300080167694d3167b49331dd0a0db\" data-accordion-id=\"superb-accordion-40aa033d\"><div class=\"superb-accordion-header\" role=\"button\" tabindex=\"0\" aria-expanded=\"false\" aria-controls=\"superb-accordion-content-superb-accordion-40aa033d\"><h4 class=\"superb-accordion-title\"><strong>Lunch Sponsor Package \u2013 $25,000<\/strong><\/h4><span class=\"superb-accordion-icon\"><\/span><\/div><div id=\"superb-accordion-content-superb-accordion-40aa033d\" class=\"superb-accordion-content\" style=\"display:none\" aria-hidden=\"true\">\n<div class=\"wp-block-group superb-accordion-content-wrapper has-global-padding is-layout-constrained wp-block-group-is-layout-constrained\">\n<details class=\"wp-block-details has-custom-color-2-color has-text-color has-link-color wp-elements-9cf527baf5c9be6430c1c0698afeb124 is-layout-flow wp-block-details-is-layout-flow\"><summary><strong>Engage the full conference audience during a high-attention, shared meal.&nbsp;<\/strong><br>&#8211; Basic&nbsp;Sponsor&nbsp;Package&nbsp;<br>&#8211; Exclusive sponsorship of one lunch&nbsp;<br>&#8211; Logo placement on signage&nbsp;<br>&#8211; Opportunity to place table cards, signage, and\/or video&nbsp;<br>&#8211; Opportunity to provide short remarks&nbsp;<br>&#8211; Opportunity to include a written message in the event app&nbsp;<\/summary>\n<p><\/p>\n<\/details>\n<\/div>\n<\/div><\/div>\n\n\n\n<div class=\"wp-block-superb-addons-accordion-block has-custom-color-5-color has-custom-color-background-color has-text-color has-background has-link-color wp-elements-fb00582bb2c074e024620cfa3388917f\" data-accordion-id=\"superb-accordion-96c6a4da\"><div class=\"superb-accordion-header\" role=\"button\" tabindex=\"0\" aria-expanded=\"false\" aria-controls=\"superb-accordion-content-superb-accordion-96c6a4da\"><h4 class=\"superb-accordion-title\"><strong>Breakfast Sponsor Package \u2013 $20,000<\/strong><\/h4><span class=\"superb-accordion-icon\"><\/span><\/div><div id=\"superb-accordion-content-superb-accordion-96c6a4da\" class=\"superb-accordion-content\" style=\"display:none\" aria-hidden=\"true\">\n<div class=\"wp-block-group superb-accordion-content-wrapper has-global-padding is-layout-constrained wp-block-group-is-layout-constrained\">\n<details class=\"wp-block-details has-custom-color-2-color has-text-color has-link-color wp-elements-957c0057d25f7cae02cc840349c89bef is-layout-flow wp-block-details-is-layout-flow\"><summary><strong>Position your brand at the start of the day with high engagement from attendees.&nbsp;<\/strong><br>&#8211; Basic Sponsor Package&nbsp;<br>&#8211; Exclusive sponsorship of one breakfast&nbsp;<br>&#8211; Logo placement on signage&nbsp;<br>&#8211; Opportunity to place table cards, signage, and\/or video&nbsp;<br>&#8211; Opportunity to provide short remarks&nbsp;<br>&#8211; Opportunity to include a written message in the event app&nbsp;<\/summary>\n<p><\/p>\n<\/details>\n<\/div>\n<\/div><\/div>\n\n\n\n<div class=\"wp-block-superb-addons-accordion-block has-custom-color-5-color has-custom-color-background-color has-text-color has-background has-link-color wp-elements-d7c64abd00fc90a418a44311fa40888f\" data-accordion-id=\"superb-accordion-4dc01aa5\"><div class=\"superb-accordion-header\" role=\"button\" tabindex=\"0\" aria-expanded=\"false\" aria-controls=\"superb-accordion-content-superb-accordion-4dc01aa5\"><h4 class=\"superb-accordion-title\"><strong>Technology &amp; Innovation Sponsor Package \u2013 $15,000<\/strong><\/h4><span class=\"superb-accordion-icon\"><\/span><\/div><div id=\"superb-accordion-content-superb-accordion-4dc01aa5\" class=\"superb-accordion-content\" style=\"display:none\" aria-hidden=\"true\">\n<div class=\"wp-block-group superb-accordion-content-wrapper has-global-padding is-layout-constrained wp-block-group-is-layout-constrained\">\n<details class=\"wp-block-details has-custom-color-2-color has-text-color has-link-color wp-elements-630b4bbc0a68215bc487f81ec6518efe is-layout-flow wp-block-details-is-layout-flow\"><summary><strong>Demonstrate thought leadership and support conference technology.<\/strong>&nbsp;<br>&#8211; Basic Sponsor Package&nbsp;<br>&#8211; Branded Wi-Fi network for event attendees&nbsp;<br>&#8211; Sponsor recognition at close of plenary sessions&nbsp;<br>&#8211; Opportunity for technology showcase&nbsp;<br>&#8211; Opportunity to schedule two promotional push notifications&nbsp;<\/summary>\n<p><\/p>\n<\/details>\n<\/div>\n<\/div><\/div>\n\n\n\n<div class=\"wp-block-superb-addons-accordion-block has-custom-color-5-color has-custom-color-background-color has-text-color has-background has-link-color wp-elements-ce1f41fb76a7bf328e0895c77ad0c77b\" data-accordion-id=\"superb-accordion-fee5f681\"><div class=\"superb-accordion-header\" role=\"button\" tabindex=\"0\" aria-expanded=\"false\" aria-controls=\"superb-accordion-content-superb-accordion-fee5f681\"><h4 class=\"superb-accordion-title\"><strong><s>Networking Lounge Sponsor Package \u2013 $15,000<\/s><\/strong> SOLD<\/h4><span class=\"superb-accordion-icon\"><\/span><\/div><div id=\"superb-accordion-content-superb-accordion-fee5f681\" class=\"superb-accordion-content\" style=\"display:none\" aria-hidden=\"true\">\n<div class=\"wp-block-group superb-accordion-content-wrapper has-global-padding is-layout-constrained wp-block-group-is-layout-constrained\">\n<details class=\"wp-block-details has-custom-color-2-color has-text-color has-link-color wp-elements-abe066aaf550654d721f98c06110e23b is-layout-flow wp-block-details-is-layout-flow\"><summary><strong>Showcase your organization in an interactive, high-traffic lounge.&nbsp;<\/strong><br>&#8211; Basic Sponsor Package&nbsp;<br>&#8211; Exclusive branding of the Networking Lounge&nbsp;<br>&#8211; Signage and logo within the space&nbsp;<br>&#8211; Branded recognition in wayfinding and venue maps&nbsp;<br>&#8211; Opportunity to place table cards,&nbsp;giveaways, and other signage<\/summary>\n<p><\/p>\n<\/details>\n<\/div>\n<\/div><\/div>\n\n\n\n<div class=\"wp-block-superb-addons-accordion-block has-custom-color-5-color has-custom-color-background-color has-text-color has-background has-link-color wp-elements-95223f04e445a49180b2c0bd8c5e0cf4\" data-accordion-id=\"superb-accordion-0b154ba4\"><div class=\"superb-accordion-header\" role=\"button\" tabindex=\"0\" aria-expanded=\"false\" aria-controls=\"superb-accordion-content-superb-accordion-0b154ba4\"><h4 class=\"superb-accordion-title\"><strong>Sustainable Impact Sponsor Package&nbsp;\u2013 $10,000<\/strong><\/h4><span class=\"superb-accordion-icon\"><\/span><\/div><div id=\"superb-accordion-content-superb-accordion-0b154ba4\" class=\"superb-accordion-content\" style=\"display:none\" aria-hidden=\"true\">\n<div class=\"wp-block-group superb-accordion-content-wrapper has-global-padding is-layout-constrained wp-block-group-is-layout-constrained\">\n<details class=\"wp-block-details has-custom-color-2-color has-text-color has-link-color wp-elements-ea64e3b3d96d591229e370c6ffe62bfa is-layout-flow wp-block-details-is-layout-flow\"><summary><strong>Highlight your environmental leadership and support tangible sustainability initiatives<\/strong>.&nbsp;<br>&#8211; Basic Sponsor Package&nbsp;<br>&#8211; Sponsorship of event sustainability&nbsp;initiative&nbsp;<br>&#8211; Logo displayed on sustainability&nbsp;initiative&nbsp;signage&nbsp;<br>&#8211; Opportunity to distribute&nbsp;environmentally friendly&nbsp;giveaways&nbsp;<\/summary>\n<p><\/p>\n<\/details>\n<\/div>\n<\/div><\/div>\n\n\n\n<div class=\"wp-block-superb-addons-accordion-block has-custom-color-2-color has-custom-color-background-color has-text-color has-background has-link-color wp-elements-d9606bf3d4e83f8254370c17e227ce99\" data-accordion-id=\"superb-accordion-9b58ec82\"><div class=\"superb-accordion-header\" role=\"button\" tabindex=\"0\" aria-expanded=\"false\" aria-controls=\"superb-accordion-content-superb-accordion-9b58ec82\"><h4 class=\"superb-accordion-title\"><strong><s>Diversity &amp; Equity Sponsor Package \u2013 $10,000<\/s><\/strong> SOLD<\/h4><span class=\"superb-accordion-icon\"><\/span><\/div><div id=\"superb-accordion-content-superb-accordion-9b58ec82\" class=\"superb-accordion-content\" style=\"display:none\" aria-hidden=\"true\">\n<div class=\"wp-block-group superb-accordion-content-wrapper has-global-padding is-layout-constrained wp-block-group-is-layout-constrained\">\n<details class=\"wp-block-details is-layout-flow wp-block-details-is-layout-flow\"><summary><strong>Support inclusion and&nbsp;equitable&nbsp;participation in the industry.<\/strong>&nbsp;<br>&#8211; Basic Sponsor Package&nbsp;<br>&#8211; Direct support for&nbsp;initiatives&nbsp;that reduce barriers to participation from underrepresented groups&nbsp;<br>&#8211; Recognition tied specifically to equity and diversity&nbsp;<\/summary>\n<p><\/p>\n<\/details>\n<\/div>\n<\/div><\/div>\n\n\n\n<div class=\"wp-block-superb-addons-accordion-block\" data-accordion-id=\"superb-accordion-71758fcd\"><div class=\"superb-accordion-header\" role=\"button\" tabindex=\"0\" aria-expanded=\"false\" aria-controls=\"superb-accordion-content-superb-accordion-71758fcd\"><h4 class=\"superb-accordion-title\"><strong>Customizable Sponsor Package<\/strong>&nbsp;<\/h4><span class=\"superb-accordion-icon\"><\/span><\/div><div id=\"superb-accordion-content-superb-accordion-71758fcd\" class=\"superb-accordion-content\" style=\"display:none\" aria-hidden=\"true\">\n<div class=\"wp-block-group superb-accordion-content-wrapper has-global-padding is-layout-constrained wp-block-group-is-layout-constrained\">\n<details class=\"wp-block-details is-layout-flow wp-block-details-is-layout-flow\"><summary>Enhance your Basic Sponsor Package to increase visibility and align with your organization\u2019s sponsorship&nbsp;objectives.&nbsp;Available add-ons include website banners, push notifications, branded session rooms, coffee and snack stations, mobile charging stations, meeting space, and&nbsp;additional&nbsp;registrations.&nbsp;<br>Contact the EMC team to design a customized sponsorship package with the add-ons that best meet your goals.&nbsp;<\/summary>\n<p><\/p>\n<\/details>\n<\/div>\n<\/div><\/div>\n<\/div>\n\n\n\n<div class=\"wp-block-buttons is-layout-flex wp-block-buttons-is-layout-flex\">\n<div class=\"wp-block-button has-custom-width wp-block-button__width-100\"><a class=\"wp-block-button__link has-superbfont-medium-font-size has-custom-font-size wp-element-button\" href=\"https:\/\/evve.emc-mec.ca\/wp-content\/uploads\/2026\/05\/EVVE-2026-Sponsorship-Prospectus-Long-3.pdf\">T\u00e9l\u00e9chargez le prospectus de commandites<\/a><\/div>\n<\/div>\n\n\n\n<div style=\"height:21px\" aria-hidden=\"true\" class=\"wp-block-spacer\"><\/div>\n\n\n\n<p class=\"has-superbfont-medium-font-size\"><strong>Pour discuter des opportunit\u00e9s de commandite, demander un forfait ou planifier un bref appel, contactez Maureen Shuell (maureen.shuell@emc-mec.ca) ou Anne Lafaury (anne.lafaury@emc-mec.ca).<\/strong><\/p>\n","protected":false},"excerpt":{"rendered":"<p>EVVE 2026 est la principale conf\u00e9rence canadienne destin\u00e9e aux leaders, aux innovateurs et aux d\u00e9cideurs politiques dans le domaine des transports \u00e9lectriques et durables. R\u00e9unissant des d\u00e9cideurs de l&rsquo;industrie, des repr\u00e9sentants gouvernementaux, des services publics et des \u00e9quipementiers de tout le pays, MEC offre une plateforme pour mettre en valeur le leadership \u00e9clair\u00e9, favoriser les [&hellip;]<\/p>\n","protected":false},"author":2,"featured_media":0,"parent":0,"menu_order":0,"comment_status":"closed","ping_status":"closed","template":"","meta":{"_monsterinsights_skip_tracking":false,"_monsterinsights_sitenote_active":false,"_monsterinsights_sitenote_note":"","_monsterinsights_sitenote_category":0,"footnotes":""},"class_list":["post-987","page","type-page","status-publish","hentry"],"acf":[],"yoast_head":"<!-- This site is optimized with the Yoast SEO plugin v27.5 - https:\/\/yoast.com\/product\/yoast-seo-wordpress\/ -->\n<title>Commandites - EVVE 2026<\/title>\n<meta name=\"robots\" content=\"index, follow, max-snippet:-1, max-image-preview:large, max-video-preview:-1\" \/>\n<link rel=\"canonical\" href=\"https:\/\/evve.emc-mec.ca\/fr\/devenez-un-commanditaire\/\" \/>\n<meta property=\"og:locale\" content=\"fr_FR\" \/>\n<meta property=\"og:type\" content=\"article\" \/>\n<meta property=\"og:title\" content=\"Commandites EVVE 2026\" \/>\n<meta property=\"og:description\" content=\"EVVE 2026 est la principale conf\u00e9rence canadienne destin\u00e9e aux leaders, aux innovateurs et aux d\u00e9cideurs politiques dans le domaine des transports \u00e9lectriques et durables. R\u00e9unissant des d\u00e9cideurs de l&rsquo;industrie, des repr\u00e9sentants gouvernementaux, des services publics et des \u00e9quipementiers de tout le pays, MEC offre une plateforme pour mettre en valeur le leadership \u00e9clair\u00e9, favoriser les [&hellip;]\" \/>\n<meta property=\"og:url\" content=\"https:\/\/evve.emc-mec.ca\/fr\/devenez-un-commanditaire\/\" \/>\n<meta property=\"og:site_name\" content=\"EVVE 2026\" \/>\n<meta property=\"article:modified_time\" content=\"2026-05-06T15:23:11+00:00\" \/>\n<meta name=\"twitter:card\" content=\"summary_large_image\" \/>\n<meta name=\"twitter:label1\" content=\"Dur\u00e9e de lecture estim\u00e9e\" \/>\n\t<meta name=\"twitter:data1\" content=\"3 minutes\" \/>\n<script type=\"application\/ld+json\" class=\"yoast-schema-graph\">{\"@context\":\"https:\\\/\\\/schema.org\",\"@graph\":[{\"@type\":\"WebPage\",\"@id\":\"https:\\\/\\\/evve.emc-mec.ca\\\/fr\\\/devenez-un-commanditaire\\\/\",\"url\":\"https:\\\/\\\/evve.emc-mec.ca\\\/fr\\\/devenez-un-commanditaire\\\/\",\"name\":\"Commandites - EVVE 2026\",\"isPartOf\":{\"@id\":\"https:\\\/\\\/evve.emc-mec.ca\\\/#website\"},\"datePublished\":\"2022-04-14T17:55:29+00:00\",\"dateModified\":\"2026-05-06T15:23:11+00:00\",\"breadcrumb\":{\"@id\":\"https:\\\/\\\/evve.emc-mec.ca\\\/fr\\\/devenez-un-commanditaire\\\/#breadcrumb\"},\"inLanguage\":\"fr-FR\",\"potentialAction\":[{\"@type\":\"ReadAction\",\"target\":[\"https:\\\/\\\/evve.emc-mec.ca\\\/fr\\\/devenez-un-commanditaire\\\/\"]}]},{\"@type\":\"BreadcrumbList\",\"@id\":\"https:\\\/\\\/evve.emc-mec.ca\\\/fr\\\/devenez-un-commanditaire\\\/#breadcrumb\",\"itemListElement\":[{\"@type\":\"ListItem\",\"position\":1,\"name\":\"Home\",\"item\":\"https:\\\/\\\/evve.emc-mec.ca\\\/\"},{\"@type\":\"ListItem\",\"position\":2,\"name\":\"Commandites\"}]},{\"@type\":\"WebSite\",\"@id\":\"https:\\\/\\\/evve.emc-mec.ca\\\/#website\",\"url\":\"https:\\\/\\\/evve.emc-mec.ca\\\/\",\"name\":\"EVVE 2026\",\"description\":\"EMC&#039;s national conference\",\"publisher\":{\"@id\":\"https:\\\/\\\/evve.emc-mec.ca\\\/#organization\"},\"potentialAction\":[{\"@type\":\"SearchAction\",\"target\":{\"@type\":\"EntryPoint\",\"urlTemplate\":\"https:\\\/\\\/evve.emc-mec.ca\\\/?s={search_term_string}\"},\"query-input\":{\"@type\":\"PropertyValueSpecification\",\"valueRequired\":true,\"valueName\":\"search_term_string\"}}],\"inLanguage\":\"fr-FR\"},{\"@type\":\"Organization\",\"@id\":\"https:\\\/\\\/evve.emc-mec.ca\\\/#organization\",\"name\":\"Electric Mobility Canada \\\/ Mobilit\u00e9 \u00c9lectrique Canada\",\"url\":\"https:\\\/\\\/evve.emc-mec.ca\\\/\",\"logo\":{\"@type\":\"ImageObject\",\"inLanguage\":\"fr-FR\",\"@id\":\"https:\\\/\\\/evve.emc-mec.ca\\\/#\\\/schema\\\/logo\\\/image\\\/\",\"url\":\"https:\\\/\\\/evve.emc-mec.ca\\\/wp-content\\\/uploads\\\/2026\\\/04\\\/EVVE-2026-Sponsor-Logos-Web.png\",\"contentUrl\":\"https:\\\/\\\/evve.emc-mec.ca\\\/wp-content\\\/uploads\\\/2026\\\/04\\\/EVVE-2026-Sponsor-Logos-Web.png\",\"width\":2000,\"height\":1429,\"caption\":\"Electric Mobility Canada \\\/ Mobilit\u00e9 \u00c9lectrique Canada\"},\"image\":{\"@id\":\"https:\\\/\\\/evve.emc-mec.ca\\\/#\\\/schema\\\/logo\\\/image\\\/\"}}]}<\/script>\n<!-- \/ Yoast SEO plugin. -->","yoast_head_json":{"title":"Commandites - EVVE 2026","robots":{"index":"index","follow":"follow","max-snippet":"max-snippet:-1","max-image-preview":"max-image-preview:large","max-video-preview":"max-video-preview:-1"},"canonical":"https:\/\/evve.emc-mec.ca\/fr\/devenez-un-commanditaire\/","og_locale":"fr_FR","og_type":"article","og_title":"Commandites EVVE 2026","og_description":"EVVE 2026 est la principale conf\u00e9rence canadienne destin\u00e9e aux leaders, aux innovateurs et aux d\u00e9cideurs politiques dans le domaine des transports \u00e9lectriques et durables. R\u00e9unissant des d\u00e9cideurs de l&rsquo;industrie, des repr\u00e9sentants gouvernementaux, des services publics et des \u00e9quipementiers de tout le pays, MEC offre une plateforme pour mettre en valeur le leadership \u00e9clair\u00e9, favoriser les [&hellip;]","og_url":"https:\/\/evve.emc-mec.ca\/fr\/devenez-un-commanditaire\/","og_site_name":"EVVE 2026","article_modified_time":"2026-05-06T15:23:11+00:00","twitter_card":"summary_large_image","twitter_misc":{"Dur\u00e9e de lecture estim\u00e9e":"3 minutes"},"schema":{"@context":"https:\/\/schema.org","@graph":[{"@type":"WebPage","@id":"https:\/\/evve.emc-mec.ca\/fr\/devenez-un-commanditaire\/","url":"https:\/\/evve.emc-mec.ca\/fr\/devenez-un-commanditaire\/","name":"Commandites - EVVE 2026","isPartOf":{"@id":"https:\/\/evve.emc-mec.ca\/#website"},"datePublished":"2022-04-14T17:55:29+00:00","dateModified":"2026-05-06T15:23:11+00:00","breadcrumb":{"@id":"https:\/\/evve.emc-mec.ca\/fr\/devenez-un-commanditaire\/#breadcrumb"},"inLanguage":"fr-FR","potentialAction":[{"@type":"ReadAction","target":["https:\/\/evve.emc-mec.ca\/fr\/devenez-un-commanditaire\/"]}]},{"@type":"BreadcrumbList","@id":"https:\/\/evve.emc-mec.ca\/fr\/devenez-un-commanditaire\/#breadcrumb","itemListElement":[{"@type":"ListItem","position":1,"name":"Home","item":"https:\/\/evve.emc-mec.ca\/"},{"@type":"ListItem","position":2,"name":"Commandites"}]},{"@type":"WebSite","@id":"https:\/\/evve.emc-mec.ca\/#website","url":"https:\/\/evve.emc-mec.ca\/","name":"EVVE 2026","description":"EMC&#039;s national conference","publisher":{"@id":"https:\/\/evve.emc-mec.ca\/#organization"},"potentialAction":[{"@type":"SearchAction","target":{"@type":"EntryPoint","urlTemplate":"https:\/\/evve.emc-mec.ca\/?s={search_term_string}"},"query-input":{"@type":"PropertyValueSpecification","valueRequired":true,"valueName":"search_term_string"}}],"inLanguage":"fr-FR"},{"@type":"Organization","@id":"https:\/\/evve.emc-mec.ca\/#organization","name":"Electric Mobility Canada \/ Mobilit\u00e9 \u00c9lectrique Canada","url":"https:\/\/evve.emc-mec.ca\/","logo":{"@type":"ImageObject","inLanguage":"fr-FR","@id":"https:\/\/evve.emc-mec.ca\/#\/schema\/logo\/image\/","url":"https:\/\/evve.emc-mec.ca\/wp-content\/uploads\/2026\/04\/EVVE-2026-Sponsor-Logos-Web.png","contentUrl":"https:\/\/evve.emc-mec.ca\/wp-content\/uploads\/2026\/04\/EVVE-2026-Sponsor-Logos-Web.png","width":2000,"height":1429,"caption":"Electric Mobility Canada \/ Mobilit\u00e9 \u00c9lectrique Canada"},"image":{"@id":"https:\/\/evve.emc-mec.ca\/#\/schema\/logo\/image\/"}}]}},"_links":{"self":[{"href":"https:\/\/evve.emc-mec.ca\/fr\/wp-json\/wp\/v2\/pages\/987","targetHints":{"allow":["GET"]}}],"collection":[{"href":"https:\/\/evve.emc-mec.ca\/fr\/wp-json\/wp\/v2\/pages"}],"about":[{"href":"https:\/\/evve.emc-mec.ca\/fr\/wp-json\/wp\/v2\/types\/page"}],"author":[{"embeddable":true,"href":"https:\/\/evve.emc-mec.ca\/fr\/wp-json\/wp\/v2\/users\/2"}],"replies":[{"embeddable":true,"href":"https:\/\/evve.emc-mec.ca\/fr\/wp-json\/wp\/v2\/comments?post=987"}],"version-history":[{"count":43,"href":"https:\/\/evve.emc-mec.ca\/fr\/wp-json\/wp\/v2\/pages\/987\/revisions"}],"predecessor-version":[{"id":7691,"href":"https:\/\/evve.emc-mec.ca\/fr\/wp-json\/wp\/v2\/pages\/987\/revisions\/7691"}],"wp:attachment":[{"href":"https:\/\/evve.emc-mec.ca\/fr\/wp-json\/wp\/v2\/media?parent=987"}],"curies":[{"name":"wp","href":"https:\/\/api.w.org\/{rel}","templated":true}]}}